{"id":3,"date":"2024-12-12T13:47:50","date_gmt":"2024-12-12T12:47:50","guid":{"rendered":"https:\/\/taxmatters.pl\/?page_id=3"},"modified":"2024-12-13T13:37:41","modified_gmt":"2024-12-13T12:37:41","slug":"polityka-prywatnosci","status":"publish","type":"page","link":"https:\/\/taxmatters.pl\/en\/polityka-prywatnosci\/","title":{"rendered":"Polityka prywatno\u015bci"},"content":{"rendered":"\t\t<div data-elementor-type=\"wp-page\" data-elementor-id=\"3\" class=\"elementor elementor-3\" data-elementor-post-type=\"page\">\n\t\t\t\t\t\t<section class=\"elementor-section elementor-top-section elementor-element elementor-element-de6af5e elementor-section-boxed elementor-section-height-default elementor-section-height-default\" data-id=\"de6af5e\" data-element_type=\"section\" data-e-type=\"section\" data-settings=\"{&quot;background_background&quot;:&quot;classic&quot;,&quot;background_motion_fx_motion_fx_scrolling&quot;:&quot;yes&quot;,&quot;background_motion_fx_devices&quot;:[&quot;desktop&quot;,&quot;tablet&quot;,&quot;mobile&quot;],&quot;ekit_has_onepagescroll_dot&quot;:&quot;yes&quot;}\">\n\t\t\t\t\t\t<div class=\"elementor-container elementor-column-gap-default\">\n\t\t\t\t\t<div class=\"elementor-column elementor-col-100 elementor-top-column elementor-element elementor-element-5738c62c\" data-id=\"5738c62c\" data-element_type=\"column\" data-e-type=\"column\">\n\t\t\t<div class=\"elementor-widget-wrap elementor-element-populated\">\n\t\t\t\t\t\t<section class=\"elementor-section elementor-inner-section elementor-element elementor-element-f958dd6 elementor-section-boxed elementor-section-height-default elementor-section-height-default\" data-id=\"f958dd6\" data-element_type=\"section\" data-e-type=\"section\" data-settings=\"{&quot;ekit_has_onepagescroll_dot&quot;:&quot;yes&quot;}\">\n\t\t\t\t\t\t<div class=\"elementor-container elementor-column-gap-default\">\n\t\t\t\t\t<div class=\"elementor-column elementor-col-33 elementor-inner-column elementor-element elementor-element-29c0eb8\" data-id=\"29c0eb8\" data-element_type=\"column\" data-e-type=\"column\">\n\t\t\t<div class=\"elementor-widget-wrap elementor-element-populated\">\n\t\t\t\t\t\t<div class=\"elementor-element elementor-element-5179210 elementor-widget elementor-widget-text-editor\" data-id=\"5179210\" data-element_type=\"widget\" data-e-type=\"widget\" data-settings=\"{&quot;ekit_we_effect_on&quot;:&quot;none&quot;}\" data-widget_type=\"text-editor.default\">\n\t\t\t\t<div class=\"elementor-widget-container\">\n\t\t\t\t\t\t\t\t\t<p><a href=\"https:\/\/taxmatters.pl\/\">Strona g\u0142\u00f3wna<\/a><\/p>\t\t\t\t\t\t\t\t<\/div>\n\t\t\t\t<\/div>\n\t\t\t\t\t<\/div>\n\t\t<\/div>\n\t\t\t\t<div class=\"elementor-column elementor-col-33 elementor-inner-column elementor-element elementor-element-43b65e7\" data-id=\"43b65e7\" data-element_type=\"column\" data-e-type=\"column\">\n\t\t\t<div class=\"elementor-widget-wrap elementor-element-populated\">\n\t\t\t\t\t\t<div class=\"elementor-element elementor-element-294aaa7 elementor-widget elementor-widget-image\" data-id=\"294aaa7\" data-element_type=\"widget\" data-e-type=\"widget\" data-settings=\"{&quot;ekit_we_effect_on&quot;:&quot;none&quot;}\" data-widget_type=\"image.default\">\n\t\t\t\t<div class=\"elementor-widget-container\">\n\t\t\t\t\t\t\t\t\t\t\t\t\t\t\t<img decoding=\"async\" width=\"16\" height=\"16\" src=\"https:\/\/taxmatters.pl\/wp-content\/uploads\/2024\/12\/breadcrumbs-icon.webp\" class=\"attachment-large size-large wp-image-139\" alt=\"\" \/>\t\t\t\t\t\t\t\t\t\t\t\t\t\t\t<\/div>\n\t\t\t\t<\/div>\n\t\t\t\t\t<\/div>\n\t\t<\/div>\n\t\t\t\t<div class=\"elementor-column elementor-col-33 elementor-inner-column elementor-element elementor-element-b6643db\" data-id=\"b6643db\" data-element_type=\"column\" data-e-type=\"column\">\n\t\t\t<div class=\"elementor-widget-wrap elementor-element-populated\">\n\t\t\t\t\t\t<div class=\"elementor-element elementor-element-bbff224 elementor-widget elementor-widget-text-editor\" data-id=\"bbff224\" data-element_type=\"widget\" data-e-type=\"widget\" data-settings=\"{&quot;ekit_we_effect_on&quot;:&quot;none&quot;}\" data-widget_type=\"text-editor.default\">\n\t\t\t\t<div class=\"elementor-widget-container\">\n\t\t\t\t\t\t\t\t\t<p><strong>Polityka Prywatno\u015bci<\/strong><\/p>\t\t\t\t\t\t\t\t<\/div>\n\t\t\t\t<\/div>\n\t\t\t\t\t<\/div>\n\t\t<\/div>\n\t\t\t\t\t<\/div>\n\t\t<\/section>\n\t\t\t\t<div class=\"elementor-element elementor-element-72a2afc9 elementor-widget elementor-widget-text-editor\" data-id=\"72a2afc9\" data-element_type=\"widget\" data-e-type=\"widget\" data-settings=\"{&quot;ekit_we_effect_on&quot;:&quot;none&quot;}\" data-widget_type=\"text-editor.default\">\n\t\t\t\t<div class=\"elementor-widget-container\">\n\t\t\t\t\t\t\t\t\t\n<h1 class=\"wp-block-heading\">POLITYKA PRYWATNO\u015aCI SERWISU<br \/><strong>www.taxmatters.pl<\/strong><\/h1>\n<p>Ochrona prywatno\u015bci U\u017cytkownik\u00f3w jest dla\u00a0<strong>TAX MATTERS SP\u00d3\u0141KA Z\u00a0OGRANICZON\u0104 ODPOWIEDZIALNO\u015aCI\u0104<\/strong>\u00a0szczeg\u00f3lnie wa\u017cna. Z\u00a0tego wzgl\u0119du U\u017cytkownicy Serwisu\u00a0<strong>www.taxmatters.pl<\/strong>\u00a0maj\u0105 zagwarantowane wysokie standardy ochrony prywatno\u015bci.\u00a0<strong>TAX MATTERS SP\u00d3\u0141KA Z\u00a0OGRANICZON\u0104 ODPOWIEDZIALNO\u015aCI\u0104<\/strong>\u00a0jako Administrator danych dba o\u00a0bezpiecze\u0144stwo udost\u0119pnionych przez U\u017cytkownik\u00f3w danych.<\/p>\n<p>Celem Administratora jest r\u00f3wnie\u017c nale\u017cyte informowanie U\u017cytkownik\u00f3w o\u00a0prawach i\u00a0obowi\u0105zkach zwi\u0105zanych z\u00a0przetwarzaniem danych osobowych, szczeg\u00f3lnie wobec tre\u015bci przepis\u00f3w o\u00a0ochronie danych osobowych okre\u015blonych w\u00a0rozporz\u0105dzeniu Parlamentu Europejskiego i\u00a0Rady (UE) 2016\/679 z\u00a0dnia 27.04.2016r. w\u00a0sprawie ochrony os\u00f3b fizycznych w\u00a0zwi\u0105zku z\u00a0przetwarzaniem danych osobowych i\u00a0w\u00a0sprawie swobodnego przep\u0142ywu takich danych oraz\u00a0uchylenia dyrektywy 95\/46\/WE (dalej jako \u201eRODO\u201d). Dlatego te\u017c, dbaj\u0105c o\u00a0ochron\u0119 prywatno\u015bci U\u017cytkownik\u00f3w Serwisu, w\u00a0niniejszym dokumencie Administrator informuje o\u00a0podstawach prawnych przetwarzania danych osobowych przekazanych przez U\u017cytkownik\u00f3w w\u00a0zwi\u0105zku z\u00a0korzystaniem przez nich z\u00a0Serwisu\u00a0<strong>www.taxmatters.pl<\/strong>\u00a0<em>(dalej jako \u201eSerwis\u201d)<\/em>, sposobach zbierania, przetwarzania i\u00a0ochrony danych osobowych, a\u00a0tak\u017ce o\u00a0prawach U\u017cytkownik\u00f3w.<\/p>\n<p>U\u017cytkownikiem jest ka\u017cda osoba fizyczna, kt\u00f3rej dane dotycz\u0105, korzystaj\u0105ca z\u00a0serwisu internetowego\u00a0<strong>www.taxmatters.pl<\/strong>\u00a0lub\u00a0us\u0142ug elektronicznych dost\u0119pnych za\u00a0po\u015brednictwem Serwisu.<\/p>\n<p>Administratorem danych osobowych udost\u0119pnionych przez U\u017cytkownika w\u00a0Serwisie\u00a0<strong>www.taxmatters.pl<\/strong>\u00a0jest\u00a0<strong>TAX MATTERS SP\u00d3\u0141KA Z\u00a0OGRANICZON\u0104 ODPOWIEDZIALNO\u015aCI\u0104, ul. Cybernetyki 19A, 02-677 Warszawa, NIP 9512383606,\u00a0<\/strong><em>(dalej jako \u201eAdministrator\u201d)<\/em>.<\/p>\n<p>\u00a0<\/p>\n<ol>\n<li><strong>ZGODA U\u017bYTKOWNIKA<\/strong><br \/>\n<p>Korzystanie z\u00a0Serwisu\u00a0<strong>www.taxmatters.pl<\/strong>\u00a0przez U\u017cytkownika oznacza, \u017ce U\u017cytkownik akceptuje, \u017ce Administrator gromadzi oraz\u00a0wykorzystuje dane osobowe zgodnie z\u00a0niniejsz\u0105 Polityk\u0105 Prywatno\u015bci.<\/p>\n<p>Dane osobowe U\u017cytkownika Serwisu s\u0105 przetwarzane przez Administratora w\u00a0oparciu o\u00a0jego\u00a0zgod\u0119, za\u015b\u00a0w\u00a0niekt\u00f3rych przypadkach opisanych w\u00a0niniejszym dokumencie, w\u00a0ramach prawnie uzasadnionego interesu Administratora. U\u017cytkownik ma prawo w\u00a0dowolnym momencie wycofa\u0107 wyra\u017con\u0105 wcze\u015bniej zgod\u0119. Wycofanie zgody nie\u00a0wp\u0142ywa na\u00a0zgodno\u015b\u0107 z\u00a0prawem przetwarzania, kt\u00f3rego dokonano na\u00a0podstawie zgody przed jej\u00a0wycofaniem.<\/p>\n<p>W przypadku, gdy nast\u0105pi zmiana niniejszej Polityki Prywatno\u015bci, a\u00a0U\u017cytkownik nadal b\u0119dzie korzysta\u0142 z\u00a0Serwisu, to\u00a0poczytuje\u00a0si\u0119 to\u00a0za\u00a0wyra\u017cenie zgody na\u00a0aktualne warunki Polityki Prywatno\u015bci.<\/p>\n<\/li>\n<li><strong>DANE OSOBOWE PRZETWARZANE PRZEZ ADMINISTRATORA<\/strong>\n<ol>\n<li><strong>Spos\u00f3b pozyskiwania danych osobowych<\/strong>\n<p>Administrator pozyskuje dane osobowe bezpo\u015brednio od\u00a0U\u017cytkownika za\u00a0po\u015brednictwem Serwisu, poprzez\u00a0dost\u0119pne w\u00a0nim funkcjonalno\u015bci i\u00a0narz\u0119dzia do\u00a0komunikacji oraz\u00a0przes\u0142anie za\u00a0ich\u00a0po\u015brednictwem wiadomo\u015bci do\u00a0Administratora.<\/p>\n<p>Podanie danych osobowych przez U\u017cytkownika jest dobrowolne.<\/p>\n<\/li>\n<li><strong>Rodzaje przetwarzanych danych osobowych<\/strong>\n<p>Administrator gromadzi za\u00a0po\u015brednictwem Serwisu nast\u0119puj\u0105ce dane osobowe dotycz\u0105ce U\u017cytkownika:<\/p>\n<ol>\n<li>Imi\u0119 i\u00a0nazwisko;<\/li>\n<li>Adres e-mail;<\/li>\n<li>Numer telefonu;<\/li>\n<li>Tre\u015b\u0107 wiadomo\u015bci;<\/li>\n<li>Temat wiadomo\u015bci.<\/li>\n<\/ol>\n<\/li>\n<\/ol>\n<p>\u00a0<\/p>\n<\/li>\n<li><strong>CELE PRZETWARZANIA DANYCH OSOBOWYCH<\/strong>\n<p>Spos\u00f3b przetwarzania przez Administratora danych dotycz\u0105cych U\u017cytkownika zale\u017cy od\u00a0sposobu korzystania przez U\u017cytkownika z\u00a0Serwisu i\u00a0dost\u0119pnych w\u00a0nim funkcjonalno\u015bci. Administrator przetwarza dane osobowe U\u017cytkownika w\u00a0nast\u0119puj\u0105cych celach:<\/p>\n<ol>\n<li><strong>Komunikacji z\u00a0U\u017cytkownikiem.<\/strong>\n<p>Administrator wykorzystuje dane osobowe U\u017cytkownika w\u00a0celu komunikacji z\u00a0nim w\u00a0spersonalizowany spos\u00f3b. Komunikowane U\u017cytkownikowi informacje dotycz\u0105 oferowanych produkt\u00f3w lub\u00a0us\u0142ug, bezpiecze\u0144stwa danych osobowych, aktualizacji sieci, przypomnie\u0144, ale\u00a0r\u00f3wnie\u017c sugerowanych ofert Administratora lub\u00a0jego\u00a0partner\u00f3w. Komunikacja z\u00a0U\u017cytkownikiem dotyczy tak\u017ce obs\u0142ugi U\u017cytkownika. Dane osobowe wykorzystywane s\u0105 w\u00a0celu pomocy U\u017cytkownikowi, rozwi\u0105zaniu problem\u00f3w technicznych oraz\u00a0odpowiedzi na\u00a0jego\u00a0skargi lub\u00a0reklamacje.<\/p>\n<\/li>\n<\/ol>\n<p>Administrator mo\u017ce przetwarza\u0107 dane osobowe U\u017cytkownika pozyskane za\u00a0po\u015brednictwem Serwisu r\u00f3wnie\u017c w\u00a0nast\u0119puj\u0105cych celach:<\/p>\n<ol>\n<li>w celu zawarcia i\u00a0realizacji ewentualnej umowy pomi\u0119dzy U\u017cytkownikiem a\u00a0Administratorem oraz\u00a0obs\u0142ugi U\u017cytkownika jako klienta Administratora zgodnie z\u00a0art. 6 ust. 1 lit. b) RODO;<\/li>\n<li>w celu prowadzenia rozlicze\u0144 finansowych z\u00a0U\u017cytkownikiem b\u0119d\u0105cym klientem Administratora tytu\u0142em realizacji ewentualnej umowy zawartej mi\u0119dzy stronami, a\u00a0tak\u017ce ewentualnego dochodzenia roszcze\u0144 od\u00a0U\u017cytkownika b\u0119d\u0105cego klientem w\u00a0ramach prawnie uzasadnionego interesu Administratora zgodnie z\u00a0art. 6 ust. 1 lit. f) RODO oraz\u00a0spe\u0142nienia obowi\u0105zk\u00f3w prawnych Administratora wobec organ\u00f3w podatkowych na\u00a0podstawie odr\u0119bnych przepis\u00f3w zgodnie z\u00a0art. 6 ust. 1 lit. c) RODO;<\/li>\n<li>w celu realizacji dzia\u0142a\u0144 marketingowych Administratora w\u00a0ramach prawnie uzasadnionego interesu Administratora w\u00a0rozumieniu art. 6 ust. 1 lit. f) RODO, a\u00a0tak\u017ce zgodnie z\u00a0o\u015bwiadczeniami woli dotycz\u0105cymi komunikacji marketingowej z\u0142o\u017conymi wobec Administratora. Zgody udzielone w\u00a0zakresie komunikacji marketingowej (np. na\u00a0przesy\u0142anie informacji handlowych drog\u0105 elektroniczn\u0105 lub\u00a0kontakt telefoniczny w\u00a0celach marketingu bezpo\u015bredniego) mog\u0105 by\u0107 wycofane w\u00a0dowolnym czasie, bez\u00a0wp\u0142ywu na\u00a0zgodno\u015b\u0107 z\u00a0prawem przetwarzania, kt\u00f3rego dokonano na\u00a0podstawie zgody przed jej\u00a0cofni\u0119ciem;<\/li>\n<li>w celu realizacji obowi\u0105zk\u00f3w prawnych Administratora wobec U\u017cytkownika okre\u015blonych w\u00a0RODO, w\u00a0rozumieniu art. 6 ust. 1 lit. c) RODO.<\/li>\n<\/ol>\n<p>\u00a0<\/p>\n<\/li>\n<li><strong>UDOST\u0118PNIANIE DANYCH OSOBOWYCH<\/strong>\n<p>Dane osobowe U\u017cytkownika nie\u00a0s\u0105 przekazywane przez Administratora podmiotom trzecim.<\/p>\n<p>\u00a0<\/p>\n<\/li>\n<li><strong>PRAWA U\u017bYTKOWNIKA<\/strong>\n<ol>\n<li><strong>Prawa U\u017cytkownika<\/strong>\n<p>U\u017cytkownik na\u00a0ka\u017cdym etapie przetwarzania jego\u00a0danych zapewniony ma szereg uprawnie\u0144 pozwalaj\u0105cych mu uzyska\u0107 dost\u0119p do\u00a0swoich danych, weryfikacj\u0119 prawid\u0142owo\u015bci przetwarzania danych, ich\u00a0korekt\u0119, jak r\u00f3wnie\u017c ma prawo zg\u0142oszenia sprzeciwu wobec ich\u00a0przetwarzania, mo\u017ce \u017c\u0105da\u0107 usuni\u0119cia danych, ograniczenia przetwarzania lub\u00a0przeniesienia danych.<\/p>\n<p>W przypadku ch\u0119ci skorzystania przez U\u017cytkownika z\u00a0przys\u0142uguj\u0105cych mu praw jako podmiotu danych osobowych, mo\u017ce on\u00a0si\u0119 skontaktowa\u0107 z\u00a0Administratorem za\u00a0pomoc\u0105 nast\u0119puj\u0105cych danych kontaktowych:\u00a0<strong>TAX MATTERS SP\u00d3\u0141KA Z\u00a0OGRANICZON\u0104 ODPOWIEDZIALNO\u015aCI\u0104, ul. Cybernetyki 19A, 02-677 Warszawa,\u00a0<span id=\"cloak6c6c6f46862f9808c6fadac8ed6e0e4c\"><a href=\"mailto:iod@taxmatters.pl\">iod@taxmatters.pl<\/a><\/span>.<\/strong><\/p>\n<\/li>\n<li><strong>Prawo wniesienia skargi do\u00a0organu nadzorczego<\/strong>\n<p>U\u017cytkownik, kt\u00f3rego dane osobowe s\u0105 przetwarzane przez Administratora ma prawo wnie\u015b\u0107 skarg\u0119 do\u00a0organu nadzoru w\u0142a\u015bciwego w\u00a0sprawach ochrony danych osobowych (Prezesa Urz\u0119du Ochrony Danych Osobowych).<\/p>\n<\/li>\n<\/ol>\n<\/li>\n<li><strong>PLIKI COOKIES<\/strong>\n<ol>\n<li>Administrator informuje, i\u017c podczas korzystania z\u00a0Serwisu w\u00a0urz\u0105dzeniu ko\u0144cowym U\u017cytkownika zapisywane s\u0105 kr\u00f3tkie informacje tekstowe zwane \u201ecookies\u201d. Pliki \u201ecookies\u201d zawieraj\u0105 takie dane informatyczne jak: adres IP dotycz\u0105cy U\u017cytkownika, nazwa strony internetowej, z\u00a0kt\u00f3rej pochodz\u0105, czas przechowywania ich\u00a0na\u00a0urz\u0105dzeniu ko\u0144cowym U\u017cytkownika, zapis parametr\u00f3w i\u00a0statystyki oraz\u00a0unikalny numer. Pliki \u201ecookies\u201d s\u0105 kierowane do\u00a0serwera Serwisu za\u00a0po\u015brednictwem przegl\u0105darki internetowej zainstalowanej w\u00a0urz\u0105dzeniu ko\u0144cowym U\u017cytkownika.\n<p>\u00a0<\/p>\nPliki \u201ecookies\u201d wykorzystywane s\u0105 w\u00a0Serwisie w\u00a0celu:\n<p>\u00a0<\/p>\n<ol>\n<li>utrzymania technicznej poprawno\u015bci i\u00a0ci\u0105g\u0142o\u015bci sesji pomi\u0119dzy serwerem Serwisu, a\u00a0urz\u0105dzeniem ko\u0144cowym U\u017cytkownika;<\/li>\n<li>optymalizacji korzystania przez U\u017cytkownika ze stron internetowych Serwisu i\u00a0dostosowania sposobu ich\u00a0wy\u015bwietlania na\u00a0urz\u0105dzeniu ko\u0144cowym U\u017cytkownika;<\/li>\n<li>zapewnienia bezpiecze\u0144stwa korzystania z\u00a0Serwisu;<\/li>\n<li>zbierania statystyk odwiedzin stron Serwisu wspieraj\u0105cych ulepszanie ich\u00a0struktury i\u00a0zawarto\u015bci;<\/li>\n<li>wy\u015bwietlania na\u00a0urz\u0105dzeniu ko\u0144cowym U\u017cytkownika tre\u015bci reklamowych optymalnie dostosowanych do\u00a0jego\u00a0preferencji.<\/li>\n<\/ol>\n<p>\u00a0<\/p>\n<p>W ramach Serwisu stosowane s\u0105 dwa rodzaje plik\u00f3w \u201ecookies\u201d: \u201esesyjne\u201d oraz\u00a0\u201esta\u0142e\u201d. \u201eSesyjne\u201d pliki \u201ecookies\u201d s\u0105 plikami ulegaj\u0105cymi automatycznemu usuni\u0119ciu z\u00a0urz\u0105dzenia ko\u0144cowego U\u017cytkownika Serwisu po\u00a0jego\u00a0wylogowaniu z\u00a0Serwisu lub\u00a0po\u00a0opuszczeniu przez niego stron internetowych Serwisu lub\u00a0po\u00a0wy\u0142\u0105czeniu przegl\u0105darki internetowej. \u201eSta\u0142e\u201d pliki \u201ecookies\u201d przechowywane s\u0105 w\u00a0urz\u0105dzeniu ko\u0144cowym U\u017cytkownika przez czas okre\u015blony w\u00a0parametrach plik\u00f3w \u201ecookies\u201d lub\u00a0do\u00a0czasu ich\u00a0usuni\u0119cia przez U\u017cytkownika. \u201eSta\u0142e\u201d pliki \u201ecookies\u201d instalowane s\u0105 w\u00a0urz\u0105dzeniu ko\u0144cowym U\u017cytkownika wy\u0142\u0105cznie za\u00a0jego\u00a0zgod\u0105.<\/p>\n<p>\u00a0<\/p>\nAdministrator informuje, \u017ce:\n<p>\u00a0<\/p>\n<ol>\n<li>przegl\u0105darki internetowe domy\u015blnie akceptuj\u0105 instalowanie plik\u00f3w \u201ecookies\u201d w\u00a0urz\u0105dzeniu ko\u0144cowym U\u017cytkownika. Ka\u017cdy U\u017cytkownik Serwisu mo\u017ce dokona\u0107 w\u00a0dowolnym czasie zmiany ustawie\u0144 dotycz\u0105cych plik\u00f3w \u201ecookies\u201d w\u00a0u\u017cywanej przez niego przegl\u0105darce internetowej w\u00a0taki\u00a0spos\u00f3b, aby przegl\u0105darka automatycznie blokowa\u0142a obs\u0142ug\u0119 plik\u00f3w \u201ecookies\u201d, b\u0105d\u017a\u00a0informowa\u0142a U\u017cytkownika o\u00a0ich\u00a0ka\u017cdorazowym zamieszczeniu w\u00a0jego\u00a0urz\u0105dzeniu ko\u0144cowym. Szczeg\u00f3\u0142owe informacje o\u00a0mo\u017cliwo\u015bci i\u00a0sposobach obs\u0142ugi plik\u00f3w \u201ecookies\u201d dost\u0119pne s\u0105 w\u00a0ustawieniach przegl\u0105darki internetowej stosowanej przez U\u017cytkownika Serwisu.<\/li>\n<li>ograniczenie stosowania plik\u00f3w \u201ecookies\u201d przez U\u017cytkownika mo\u017ce ujemnie wp\u0142yn\u0105\u0107 na\u00a0poprawno\u015b\u0107 i\u00a0ci\u0105g\u0142o\u015b\u0107 \u015bwiadczenia Us\u0142ug w\u00a0Serwisie.<\/li>\n<\/ol>\n<p>\u00a0<\/p>\nPliki \u201ecookies\u201d zainstalowane w\u00a0urz\u0105dzeniu ko\u0144cowym U\u017cytkownika Serwisu mog\u0105 by\u0107 wykorzystywane przez wsp\u00f3\u0142pracuj\u0105cych z\u00a0Administratorem reklamodawc\u00f3w lub\u00a0partner\u00f3w biznesowych.<br \/>Pliki \u201ecookies\u201d mo\u017cna uzna\u0107 za\u00a0dane osobowe jedynie w\u00a0powi\u0105zaniu z\u00a0innymi danymi identyfikuj\u0105cymi to\u017csamo\u015b\u0107, udost\u0119pnionymi Administratorowi przez U\u017cytkownika w\u00a0ramach korzystania z\u00a0Serwisu.<br \/>Dost\u0119p do\u00a0plik\u00f3w \u201ecookies\u201d przetwarzanych przez serwer Serwisu posiada wy\u0142\u0105cznie Administrator.<br \/>Je\u015bli U\u017cytkownik nie\u00a0zgadza\u00a0si\u0119 na\u00a0zapisywanie i\u00a0odbieranie informacji w\u00a0plikach \u201ecookies\u201d, mo\u017ce zmieni\u0107 zasady dotycz\u0105ce plik\u00f3w \u201ecookies\u201d za\u00a0pomoc\u0105 ustawie\u0144 swojej przegl\u0105darki internetowej.<\/li>\n<\/ol>\n<p>\u00a0<\/p>\n<\/li>\n<li><strong>INNE WA\u017bNE INFORMACJE<\/strong>\n<p>\u00a0<\/p>\n<ol>\n<li><strong>Ochrona bezpiecze\u0144stwa danych osobowych<\/strong>\n<p>Administrator wprowadza odpowiednie \u015brodki maj\u0105ce na\u00a0celu zapewnienie bezpiecze\u0144stwa danych osobowych U\u017cytkownika. Bezpieczne korzystanie z\u00a0Serwisu zapewniaj\u0105 stosowane systemy oraz\u00a0procedury chroni\u0105ce przed dost\u0119pem oraz\u00a0ujawnieniem danych osobom niepo\u017c\u0105danym. Ponadto stosowane przez Administratora systemy oraz\u00a0procesy s\u0105 regularnie monitorowane w\u00a0celu wykrycia ewentualnych zagro\u017ce\u0144. Pozyskane przez Administratora dane osobowe przechowywane s\u0105 w\u00a0systemach komputerowych, do\u00a0kt\u00f3rych dost\u0119p jest \u015bci\u015ble ograniczony.<\/p>\n<\/li>\n<li><strong>Przechowywanie danych osobowych<\/strong>\n<p>Okres przechowywania danych osobowych U\u017cytkownik\u00f3w uzale\u017cniony jest od\u00a0cel\u00f3w przetwarzania przez Administratora danych.<br \/>Administrator przechowuje dane osobowe przez taki\u00a0okres, jaki jest konieczny do\u00a0osi\u0105gni\u0119cia okre\u015blonych cel\u00f3w, tj.:<\/p>\n<ul>\n<li>przez okres prowadzenia dzia\u0142alno\u015bci gospodarczej przez Administratora.<\/li>\n<\/ul>\n<p>\u00a0<\/p>\n<p>W ka\u017cdym z\u00a0powy\u017cszych przypadk\u00f3w, po\u00a0up\u0142ywie niezb\u0119dnego okresu przetwarzania, dane mog\u0105 by\u0107 przetwarzane tylko\u00a0w\u00a0celu dochodzenia roszcze\u0144 na\u00a0tle \u0142\u0105cz\u0105cych strony relacji do\u00a0czasu ostatecznego rozstrzygni\u0119cia tych roszcze\u0144 na\u00a0drodze prawnej.<\/p>\n<\/li>\n<li><strong>Zmiany Polityki prywatno\u015bci<\/strong>\n<p>W celu uaktualnienia informacji zawartych w\u00a0niniejszej Polityce prywatno\u015bci oraz\u00a0jej\u00a0zgodno\u015bci z\u00a0obowi\u0105zuj\u0105cymi przepisami prawa, niniejsza Polityka prywatno\u015bci mo\u017ce ulec zmianie. W\u00a0przypadku zmiany tre\u015bci Polityki prywatno\u015bci, zmieniona zostanie data jej\u00a0aktualizacji wskazana na\u00a0ko\u0144cu jej\u00a0tekstu. W\u00a0celu zasi\u0119gni\u0119cia informacji o\u00a0sposobie ochrony danych osobowych, Administrator rekomenduje U\u017cytkownikom regularne zapoznawanie\u00a0si\u0119 z\u00a0postanowieniami Polityki Prywatno\u015bci.<\/p>\n<\/li>\n<li><strong>Informacje kontaktowe<\/strong>\n<p>W celu uzyskania jakichkolwiek informacji dotycz\u0105cych niniejszej Polityki Prywatno\u015bci, U\u017cytkownik mo\u017ce skontaktowa\u0107\u00a0si\u0119 z\u00a0Administratorem danych osobowych:\u00a0<strong>TAX MATTERS SP\u00d3\u0141KA Z\u00a0OGRANICZON\u0104 ODPOWIEDZIALNO\u015aCI\u0104, ul. Cybernetyki 19A, 02-677 Warszawa,\u00a0<\/strong>z\u00a0wykorzystaniem nast\u0119puj\u0105cych danych kontaktowych:\u00a0<strong><span id=\"cloak790934146f36014aeb959e476fa4914e\"><a href=\"mailto:iod@taxmatters.pl\">iod@taxmatters.pl<\/a><\/span>.<\/strong><\/p>\n<p>Ponadto istnieje r\u00f3wnie\u017c mo\u017cliwo\u015b\u0107 kontaktu drog\u0105 pocztow\u0105 pod\u00a0adresem:\u00a0<strong>ul. Cybernetyki 19A, 02-677 Warszawa<\/strong>.<\/p>\n<p>\u00a0<\/p>\n<\/li>\n<\/ol>\n<\/li>\n<\/ol>\n<p>Ostatnia aktualizacja niniejszego dokumentu mia\u0142a miejsce dnia 12.10.2023.<\/p>\t\t\t\t\t\t\t\t<\/div>\n\t\t\t\t<\/div>\n\t\t\t\t\t<\/div>\n\t\t<\/div>\n\t\t\t\t\t<\/div>\n\t\t<\/section>\n\t\t\t\t<\/div>\n\t\t","protected":false},"excerpt":{"rendered":"<p>Strona g\u0142\u00f3wna Polityka Prywatno\u015bci POLITYKA PRYWATNO\u015aCI SERWISUwww.taxmatters.pl Ochrona prywatno\u015bci U\u017cytkownik\u00f3w jest dla\u00a0TAX MATTERS SP\u00d3\u0141KA Z\u00a0OGRANICZON\u0104 ODPOWIEDZIALNO\u015aCI\u0104\u00a0szczeg\u00f3lnie wa\u017cna. Z\u00a0tego wzgl\u0119du U\u017cytkownicy Serwisu\u00a0www.taxmatters.pl\u00a0maj\u0105 zagwarantowane wysokie standardy ochrony prywatno\u015bci.\u00a0TAX MATTERS SP\u00d3\u0141KA Z\u00a0OGRANICZON\u0104 ODPOWIEDZIALNO\u015aCI\u0104\u00a0jako Administrator danych dba o\u00a0bezpiecze\u0144stwo udost\u0119pnionych przez U\u017cytkownik\u00f3w danych. Celem Administratora jest r\u00f3wnie\u017c nale\u017cyte informowanie U\u017cytkownik\u00f3w o\u00a0prawach i\u00a0obowi\u0105zkach zwi\u0105zanych z\u00a0przetwarzaniem danych osobowych, szczeg\u00f3lnie wobec tre\u015bci przepis\u00f3w [&hellip;]<\/p>\n","protected":false},"author":1,"featured_media":0,"parent":0,"menu_order":0,"comment_status":"closed","ping_status":"open","template":"elementor_header_footer","meta":{"footnotes":""},"class_list":["post-3","page","type-page","status-publish","hentry"],"_links":{"self":[{"href":"https:\/\/taxmatters.pl\/en\/wp-json\/wp\/v2\/pages\/3","targetHints":{"allow":["GET"]}}],"collection":[{"href":"https:\/\/taxmatters.pl\/en\/wp-json\/wp\/v2\/pages"}],"about":[{"href":"https:\/\/taxmatters.pl\/en\/wp-json\/wp\/v2\/types\/page"}],"author":[{"embeddable":true,"href":"https:\/\/taxmatters.pl\/en\/wp-json\/wp\/v2\/users\/1"}],"replies":[{"embeddable":true,"href":"https:\/\/taxmatters.pl\/en\/wp-json\/wp\/v2\/comments?post=3"}],"version-history":[{"count":6,"href":"https:\/\/taxmatters.pl\/en\/wp-json\/wp\/v2\/pages\/3\/revisions"}],"predecessor-version":[{"id":332,"href":"https:\/\/taxmatters.pl\/en\/wp-json\/wp\/v2\/pages\/3\/revisions\/332"}],"wp:attachment":[{"href":"https:\/\/taxmatters.pl\/en\/wp-json\/wp\/v2\/media?parent=3"}],"curies":[{"name":"wp","href":"https:\/\/api.w.org\/{rel}","templated":true}]}}